{"id":184,"date":"2018-12-29T14:31:13","date_gmt":"2018-12-29T19:31:13","guid":{"rendered":"https:\/\/dia.pe\/?page_id=184"},"modified":"2023-03-30T17:12:06","modified_gmt":"2023-03-30T22:12:06","slug":"proyecto-emma","status":"publish","type":"page","link":"https:\/\/dia.pe\/en\/proyecto-emma\/","title":{"rendered":"ACOMPA\u00d1AMIENTO"},"content":{"rendered":"<div data-colibri-id=\"184-c1\" class=\"style-942 style-local-184-c1 position-relative\">\n  <!---->\n  <div data-colibri-component=\"section\" data-colibri-id=\"184-c2\" id=\"overlappable\" class=\"h-section h-section-global-spacing d-flex align-items-lg-center align-items-md-center align-items-center style-1006 style-local-184-c2 position-relative\">\n    <!---->\n    <!---->\n    <div class=\"h-section-grid-container h-section-boxed-container\">\n      <!---->\n      <div data-colibri-id=\"184-c3\" class=\"h-row-container gutters-row-lg-2 gutters-row-md-0 gutters-row-2 gutters-row-v-lg-2 gutters-row-v-md-0 gutters-row-v-2 style-1007 style-local-184-c3 position-relative\">\n        <!---->\n        <div class=\"h-row justify-content-lg-center justify-content-md-center justify-content-center align-items-lg-stretch align-items-md-stretch align-items-stretch gutters-col-lg-2 gutters-col-md-0 gutters-col-2 gutters-col-v-lg-2 gutters-col-v-md-0 gutters-col-v-2\">\n          <!---->\n          <div class=\"h-column h-column-container d-flex h-col-lg-4 h-col-md-4 h-col-12 style-1008-outer style-local-184-c4-outer\">\n            <div data-colibri-id=\"184-c4\" class=\"d-flex h-flex-basis h-column__inner h-px-lg-2 h-px-md-3 h-px-2 v-inner-lg-0 v-inner-md-3 v-inner-2 style-1008 style-local-184-c4 position-relative\">\n              <!---->\n              <!---->\n              <div class=\"w-100 h-y-container h-column__content h-column__v-align flex-basis-100 align-self-lg-start align-self-md-start align-self-start\">\n                <!---->\n                <div data-colibri-id=\"184-c5\" class=\"h-icon style-1009 style-local-184-c5 position-relative h-element\">\n                  <!----><span class=\"h-svg-icon h-icon__icon style-1009-icon style-local-184-c5-icon\"><!--Icon by Ionicons (https:\/\/ionicons.com)--><svg version=\"1.1\" xmlns=\"http:\/\/www.w3.org\/2000\/svg\" xmlns:xlink=\"http:\/\/www.w3.org\/1999\/xlink\" id=\"woman\" viewbox=\"0 0 192 512\"><path d=\"M30 149c3-12 17-33 42-34h48c24 1 38 22 42 34l29 104c6 23-21 32-27 10l-26-96h-9l46 169h-43v127c0 23-31 23-31 0V336H91v127c0 23-32 23-32 0V336H17l45-169h-7l-27 96c-7 21-33 13-27-10zm103-80c0 21-17 37-37 37S59 90 59 69s17-37 37-37 37 16 37 37z\"><\/path><\/svg><\/span><\/div>\n              <\/div>\n            <\/div>\n          <\/div>\n        <\/div>\n      <\/div>\n    <\/div>\n  <\/div>\n  <div data-colibri-component=\"section\" data-colibri-id=\"184-c6\" id=\"custom-2\" class=\"h-section h-section-global-spacing d-flex align-items-lg-center align-items-md-center align-items-center style-1016 style-local-184-c6 position-relative\">\n    <!---->\n    <!---->\n    <div class=\"h-section-grid-container h-section-boxed-container\">\n      <!---->\n      <div data-colibri-id=\"184-c7\" class=\"h-row-container gutters-row-lg-2 gutters-row-md-2 gutters-row-0 gutters-row-v-lg-2 gutters-row-v-md-2 gutters-row-v-2 style-1020 style-local-184-c7 position-relative\">\n        <!---->\n        <div class=\"h-row justify-content-lg-center justify-content-md-center justify-content-center align-items-lg-stretch align-items-md-stretch align-items-stretch gutters-col-lg-2 gutters-col-md-2 gutters-col-0 gutters-col-v-lg-2 gutters-col-v-md-2 gutters-col-v-2\">\n          <!---->\n          <div class=\"h-column h-column-container d-flex h-col-lg-auto h-col-md-auto h-col-auto style-1021-outer style-local-184-c8-outer\">\n            <div data-colibri-id=\"184-c8\" class=\"d-flex h-flex-basis h-column__inner h-px-lg-2 h-px-md-2 h-px-2 v-inner-lg-2 v-inner-md-2 v-inner-2 style-1021 style-local-184-c8 position-relative\">\n              <!---->\n              <!---->\n              <div class=\"w-100 h-y-container h-column__content h-column__v-align flex-basis-100 align-self-lg-start align-self-md-start align-self-start\">\n                <!---->\n                <div data-colibri-id=\"184-c9\" class=\"h-text h-text-component style-1022 style-local-184-c9 position-relative h-element\">\n                  <!---->\n                  <!---->\n                  <div class=\"\">\n                    <p><span style=\"color: rgb(153, 153, 153); font-family: Lato; font-size: 101%; font-weight: 400;\">Adolescent mothers in Ayacucho, Peru, live in a situation of vulnerability, in the midst of abandonment, violence, school dropout, poverty and emotional instability, which are expressed in a limited management of their emotions both for themselves and in their role as mothers.<\/span><\/p>\n                  <\/div>\n                <\/div>\n              <\/div>\n            <\/div>\n          <\/div>\n        <\/div>\n      <\/div>\n    <\/div>\n  <\/div>\n  <div data-colibri-component=\"section\" data-colibri-id=\"184-c10\" id=\"overlappable-2\" class=\"h-section h-section-global-spacing d-flex align-items-lg-center align-items-md-center align-items-center style-1023 style-local-184-c10 position-relative\">\n    <!---->\n    <!---->\n    <div class=\"h-section-grid-container h-section-boxed-container\">\n      <!---->\n      <div data-colibri-id=\"184-c11\" class=\"h-row-container gutters-row-lg-0 gutters-row-md-0 gutters-row-0 gutters-row-v-lg-0 gutters-row-v-md-0 gutters-row-v-0 style-1024 style-local-184-c11 position-relative\">\n        <!---->\n        <div class=\"h-row justify-content-lg-center justify-content-md-center justify-content-center align-items-lg-stretch align-items-md-stretch align-items-stretch gutters-col-lg-0 gutters-col-md-0 gutters-col-0 gutters-col-v-lg-0 gutters-col-v-md-0 gutters-col-v-0\">\n          <!---->\n          <div class=\"h-column h-column-container d-flex h-col-lg-auto h-col-md-auto h-col-auto style-1025-outer style-local-184-c12-outer\">\n            <div data-colibri-id=\"184-c12\" class=\"d-flex h-flex-basis h-column__inner h-px-lg-0 h-px-md-0 h-px-0 v-inner-lg-0 v-inner-md-0 v-inner-0 style-1025 style-local-184-c12 position-relative\">\n              <!---->\n              <!---->\n              <div class=\"w-100 h-y-container h-column__content h-column__v-align flex-basis-100 align-self-lg-start align-self-md-start align-self-start\">\n                <!---->\n                <div data-colibri-id=\"184-c13\" class=\"d-block style-1033 style-local-184-c13 position-relative h-element\">\n                  <!---->\n                  <div class=\"h-image__frame-container-outer\">\n                    <div class=\"h-image__frame-container\">\n                      <!---->\n                      <!---->\n                      <img loading=\"lazy\" decoding=\"async\" width=\"2301\" height=\"1706\" src=\"https:\/\/dia.pe\/wp-content\/uploads\/2022\/12\/cropped-IMG_8308-scaled-2.jpg\" class=\"wp-image-3116 style-1033-image style-local-184-c13-image\" alt=\"\" srcset=\"https:\/\/dia.pe\/wp-content\/uploads\/2022\/12\/cropped-IMG_8308-scaled-2.jpg 2301w, https:\/\/dia.pe\/wp-content\/uploads\/2022\/12\/cropped-IMG_8308-scaled-2-300x222.jpg 300w, https:\/\/dia.pe\/wp-content\/uploads\/2022\/12\/cropped-IMG_8308-scaled-2-1024x759.jpg 1024w, https:\/\/dia.pe\/wp-content\/uploads\/2022\/12\/cropped-IMG_8308-scaled-2-768x569.jpg 768w, https:\/\/dia.pe\/wp-content\/uploads\/2022\/12\/cropped-IMG_8308-scaled-2-1536x1139.jpg 1536w, https:\/\/dia.pe\/wp-content\/uploads\/2022\/12\/cropped-IMG_8308-scaled-2-2048x1518.jpg 2048w\" sizes=\"auto, (max-width: 2301px) 100vw, 2301px\" \/>\n                      <div class=\"h-image__frame h-hide-lg h-hide-md h-hide-sm style-1033-frameImage style-local-184-c13-frameImage\"><\/div>\n                    <\/div>\n                  <\/div>\n                <\/div>\n              <\/div>\n            <\/div>\n          <\/div>\n          <div class=\"h-column h-column-container d-flex h-col-lg-auto h-col-md-auto h-col-auto style-1026-outer style-local-184-c14-outer\">\n            <div data-colibri-id=\"184-c14\" class=\"d-flex h-flex-basis h-column__inner h-px-lg-2 h-px-md-2 h-px-2 v-inner-lg-2 v-inner-md-2 v-inner-2 style-1026 style-local-184-c14 position-relative\">\n              <!---->\n              <!---->\n              <div class=\"w-100 h-y-container h-column__content h-column__v-align flex-basis-100 align-self-lg-center align-self-md-center align-self-center\">\n                <!---->\n                <div data-colibri-id=\"184-c15\" class=\"h-global-transition-all h-heading style-1027 style-local-184-c15 position-relative h-element\">\n                  <!---->\n                  <div class=\"h-heading__outer style-1027 style-local-184-c15\">\n                    <!---->\n                    <!---->\n                    <h4 class=\"\">MATERNAL ROLE<\/h4>\n                  <\/div>\n                <\/div>\n                <div data-colibri-id=\"184-c16\" class=\"h-text h-text-component style-1028 style-local-184-c16 position-relative h-element\">\n                  <!---->\n                  <!---->\n                  <div class=\"\">\n                    <p><span style=\"color: rgb(153, 153, 153); font-family: Lato; font-size: 101%; font-weight: 400;\">In the maternal role, we seek to increase the positive parenting skills of adolescent mothers with children under 3 years of age, strengthening healthy parenting to achieve SAFE children with adequate self-esteem. For this purpose, the Video Feedback methodology - ODISEA model - is implemented.<\/span><\/p>\n                  <\/div>\n                <\/div>\n              <\/div>\n            <\/div>\n          <\/div>\n          <div class=\"h-column h-column-container d-flex h-col-lg-auto h-col-md-auto h-col-auto style-1026-outer style-local-184-c17-outer\">\n            <div data-colibri-id=\"184-c17\" class=\"d-flex h-flex-basis h-column__inner h-px-lg-2 h-px-md-2 h-px-2 v-inner-lg-2 v-inner-md-2 v-inner-2 style-1026 style-local-184-c17 position-relative\">\n              <!---->\n              <!---->\n              <div class=\"w-100 h-y-container h-column__content h-column__v-align flex-basis-100 align-self-lg-center align-self-md-center align-self-center\">\n                <!---->\n                <div data-colibri-id=\"184-c18\" class=\"h-global-transition-all h-heading style-1027 style-local-184-c18 position-relative h-element\">\n                  <!---->\n                  <div class=\"h-heading__outer style-1027 style-local-184-c18\">\n                    <!---->\n                    <!---->\n                    <h4 class=\"\">EDUCATIONAL<\/h4>\n                  <\/div>\n                <\/div>\n                <div data-colibri-id=\"184-c19\" class=\"h-text h-text-component style-1028 style-local-184-c19 position-relative h-element\">\n                  <!---->\n                  <!---->\n                  <div class=\"\">\n                    <p><span style=\"color: rgb(153, 153, 153); font-family: Lato; font-size: 101%; font-weight: 400;\">In the educational sector, the continuity or reinsertion of adolescent mothers in education is promoted through personalized accompaniment in agreement with the education sector.<\/span><\/p>\n                  <\/div>\n                <\/div>\n              <\/div>\n            <\/div>\n          <\/div>\n          <div class=\"h-column h-column-container d-flex h-col-lg-auto h-col-md-auto h-col-auto style-1031-outer style-local-184-c20-outer\">\n            <div data-colibri-id=\"184-c20\" class=\"d-flex h-flex-basis h-column__inner h-px-lg-0 h-px-md-0 h-px-0 v-inner-lg-0 v-inner-md-0 v-inner-0 style-1031 style-local-184-c20 position-relative\">\n              <!---->\n              <!---->\n              <div class=\"w-100 h-y-container h-column__content h-column__v-align flex-basis-100 align-self-lg-start align-self-md-start align-self-start\">\n                <!---->\n                <div data-colibri-id=\"184-c21\" class=\"d-block style-1032 style-local-184-c21 position-relative h-element\">\n                  <!---->\n                  <div class=\"h-image__frame-container-outer\">\n                    <div class=\"h-image__frame-container\">\n                      <!---->\n                      <!---->\n                      <img loading=\"lazy\" decoding=\"async\" width=\"2082\" height=\"1706\" src=\"https:\/\/dia.pe\/wp-content\/uploads\/2022\/12\/cropped-IMG_2902-scaled-1.jpg\" class=\"wp-image-3118 style-1032-image style-local-184-c21-image\" alt=\"\" srcset=\"https:\/\/dia.pe\/wp-content\/uploads\/2022\/12\/cropped-IMG_2902-scaled-1.jpg 2082w, https:\/\/dia.pe\/wp-content\/uploads\/2022\/12\/cropped-IMG_2902-scaled-1-300x246.jpg 300w, https:\/\/dia.pe\/wp-content\/uploads\/2022\/12\/cropped-IMG_2902-scaled-1-1024x839.jpg 1024w, https:\/\/dia.pe\/wp-content\/uploads\/2022\/12\/cropped-IMG_2902-scaled-1-768x629.jpg 768w, https:\/\/dia.pe\/wp-content\/uploads\/2022\/12\/cropped-IMG_2902-scaled-1-1536x1259.jpg 1536w, https:\/\/dia.pe\/wp-content\/uploads\/2022\/12\/cropped-IMG_2902-scaled-1-2048x1678.jpg 2048w\" sizes=\"auto, (max-width: 2082px) 100vw, 2082px\" \/>\n                      <div class=\"h-image__frame h-hide-lg h-hide-md h-hide-sm style-1032-frameImage style-local-184-c21-frameImage\"><\/div>\n                    <\/div>\n                  <\/div>\n                <\/div>\n              <\/div>\n            <\/div>\n          <\/div>\n        <\/div>\n      <\/div>\n    <\/div>\n  <\/div>\n  <div data-colibri-component=\"section\" data-colibri-id=\"184-c22\" id=\"custom\" class=\"h-section h-section-global-spacing d-flex align-items-lg-center align-items-md-center align-items-center style-1056 style-local-184-c22 position-relative\">\n    <!---->\n    <!---->\n    <div class=\"h-section-grid-container h-section-boxed-container\">\n      <!---->\n      <div data-colibri-id=\"184-c23\" class=\"h-row-container gutters-row-lg-2 gutters-row-md-2 gutters-row-0 gutters-row-v-lg-2 gutters-row-v-md-2 gutters-row-v-2 style-1057 style-local-184-c23 position-relative\">\n        <!---->\n        <div class=\"h-row justify-content-lg-center justify-content-md-center justify-content-center align-items-lg-stretch align-items-md-stretch align-items-stretch gutters-col-lg-2 gutters-col-md-2 gutters-col-0 gutters-col-v-lg-2 gutters-col-v-md-2 gutters-col-v-2\">\n          <!---->\n          <div class=\"h-column h-column-container d-flex h-col-lg-auto h-col-md-auto h-col-auto style-1058-outer style-local-184-c24-outer\">\n            <div data-colibri-id=\"184-c24\" class=\"d-flex h-flex-basis h-column__inner h-px-lg-2 h-px-md-2 h-px-2 v-inner-lg-2 v-inner-md-2 v-inner-2 style-1058 style-local-184-c24 position-relative\">\n              <!---->\n              <!---->\n              <div class=\"w-100 h-y-container h-column__content h-column__v-align flex-basis-100 align-self-lg-start align-self-md-start align-self-start\">\n                <!---->\n                <div data-colibri-id=\"184-c25\" class=\"style-1061 style-local-184-c25 position-relative h-element\">\n                  <!---->\n                <\/div>\n              <\/div>\n            <\/div>\n          <\/div>\n        <\/div>\n      <\/div>\n    <\/div>\n  <\/div>\n  <div data-colibri-component=\"section\" data-colibri-id=\"184-c26\" id=\"about\" class=\"h-section h-section-global-spacing d-flex align-items-lg-center align-items-md-center align-items-end style-1050 style-local-184-c26 h-overflow-hidden position-relative\">\n    <div class=\"background-wrapper\">\n      <div class=\"background-layer background-layer-media-container-lg\">\n        <!---->\n        <div class=\"overlay-layer\">\n          <div class=\"overlay-image-layer\" style=\"background-color: rgb(0, 0, 0); opacity: 0.18;\"><\/div>\n          <div class=\"shape-layer colibri-shape-rounded-squares-blue\" style=\"background-position: center center; background-size: cover; background-repeat: no-repeat; filter: invert(71%);\"><\/div>\n        <\/div>\n      <\/div>\n      <div class=\"background-layer background-layer-media-container-md\">\n        <!---->\n        <div class=\"overlay-layer\">\n          <div class=\"overlay-image-layer\" style=\"background-color: rgb(0, 0, 0); opacity: 0.18;\"><\/div>\n          <div class=\"shape-layer colibri-shape-rounded-squares-blue\" style=\"background-position: center center; background-size: cover; background-repeat: no-repeat; filter: invert(71%);\"><\/div>\n        <\/div>\n      <\/div>\n      <div class=\"background-layer background-layer-media-container\">\n        <!---->\n        <div class=\"overlay-layer\">\n          <div class=\"overlay-image-layer\" style=\"background-color: rgb(0, 0, 0); opacity: 0.18;\"><\/div>\n          <div class=\"shape-layer colibri-shape-rounded-squares-blue\" style=\"background-position: center center; background-size: cover; background-repeat: no-repeat; filter: invert(71%);\"><\/div>\n        <\/div>\n      <\/div>\n    <\/div>\n    <!---->\n    <div class=\"h-section-grid-container h-section-fluid-container\">\n      <!---->\n      <div data-colibri-id=\"184-c27\" class=\"h-row-container gutters-row-lg-0 gutters-row-md-0 gutters-row-2 gutters-row-v-lg-0 gutters-row-v-md-0 gutters-row-v-0 style-1051 style-local-184-c27 position-relative\">\n        <!---->\n        <div class=\"h-row justify-content-lg-end justify-content-md-end justify-content-center align-items-lg-stretch align-items-md-stretch align-items-stretch gutters-col-lg-0 gutters-col-md-0 gutters-col-2 gutters-col-v-lg-0 gutters-col-v-md-0 gutters-col-v-0\">\n          <!---->\n          <div class=\"h-column h-column-container d-flex h-col-lg-auto h-col-md-auto h-col-auto style-1052-outer style-local-184-c28-outer\">\n            <div data-colibri-id=\"184-c28\" class=\"d-flex h-flex-basis h-column__inner h-px-lg-2 h-px-md-2 h-px-0 v-inner-lg-2 v-inner-md-2 v-inner-0 style-1052 style-local-184-c28 position-relative\">\n              <!---->\n              <!---->\n              <div class=\"w-100 h-y-container h-column__content h-column__v-align flex-basis-100 align-self-lg-end align-self-md-end align-self-end\">\n                <!---->\n                <div data-colibri-id=\"184-c29\" class=\"h-text h-text-component style-1054 style-local-184-c29 position-relative h-element\">\n                  <!---->\n                  <!---->\n                  <div class=\"\">\n                    <p>In a cross-cutting manner, the management and proper handling of emotions is strengthened through art therapy.<\/p>\n                    <p>They also emphasize the exercise of fundamental rights: sexual health, protection and education.<\/p>\n                  <\/div>\n                <\/div>\n              <\/div>\n            <\/div>\n          <\/div>\n        <\/div>\n      <\/div>\n    <\/div>\n  <\/div>\n<\/div>","protected":false},"excerpt":{"rendered":"<p>Las madres adolescentes de Ayacucho, Per\u00fa, viven una situaci\u00f3n de vulnerabilidad, en medio del abandono, violencia, deserci\u00f3n escolar, pobreza y una inestabilidad emocional que se expresa en una limitada gesti\u00f3n de sus emociones tanto para ellas mismas como en su rol de madre. ROL MATERNO En el rol materno se busca incrementar las competencias parentales [&hellip;]<\/p>\n","protected":false},"author":1,"featured_media":0,"parent":0,"menu_order":0,"comment_status":"closed","ping_status":"closed","template":"page-templates\/full-width-page.php","meta":{"footnotes":""},"class_list":["post-184","page","type-page","status-publish","hentry"],"_links":{"self":[{"href":"https:\/\/dia.pe\/en\/wp-json\/wp\/v2\/pages\/184","targetHints":{"allow":["GET"]}}],"collection":[{"href":"https:\/\/dia.pe\/en\/wp-json\/wp\/v2\/pages"}],"about":[{"href":"https:\/\/dia.pe\/en\/wp-json\/wp\/v2\/types\/page"}],"author":[{"embeddable":true,"href":"https:\/\/dia.pe\/en\/wp-json\/wp\/v2\/users\/1"}],"replies":[{"embeddable":true,"href":"https:\/\/dia.pe\/en\/wp-json\/wp\/v2\/comments?post=184"}],"version-history":[{"count":20,"href":"https:\/\/dia.pe\/en\/wp-json\/wp\/v2\/pages\/184\/revisions"}],"predecessor-version":[{"id":4157,"href":"https:\/\/dia.pe\/en\/wp-json\/wp\/v2\/pages\/184\/revisions\/4157"}],"wp:attachment":[{"href":"https:\/\/dia.pe\/en\/wp-json\/wp\/v2\/media?parent=184"}],"curies":[{"name":"wp","href":"https:\/\/api.w.org\/{rel}","templated":true}]}}