{"id":18,"date":"2023-07-14T19:44:14","date_gmt":"2023-07-15T00:44:14","guid":{"rendered":"https:\/\/dia.pe\/historial-de-donaciones\/"},"modified":"2023-07-14T20:17:24","modified_gmt":"2023-07-15T01:17:24","slug":"terminos-y-condiciones","status":"publish","type":"page","link":"https:\/\/dia.pe\/en\/terminos-y-condiciones\/","title":{"rendered":"Terms and Conditions"},"content":{"rendered":"<div data-colibri-id=\"18-c1\" class=\"style-1582 style-local-18-c1 position-relative\">\n  <!---->\n  <div data-colibri-component=\"section\" data-colibri-id=\"18-c2\" id=\"custom\" class=\"h-section h-section-global-spacing d-flex align-items-lg-center align-items-md-center align-items-center style-1618 style-local-18-c2 position-relative\">\n    <!---->\n    <!---->\n    <div class=\"h-section-grid-container h-section-boxed-container\">\n      <!---->\n      <div data-colibri-id=\"18-c3\" class=\"h-row-container gutters-row-lg-2 gutters-row-md-2 gutters-row-0 gutters-row-v-lg-2 gutters-row-v-md-2 gutters-row-v-2 style-1619 style-local-18-c3 position-relative\">\n        <!---->\n        <div class=\"h-row justify-content-lg-center justify-content-md-center justify-content-center align-items-lg-stretch align-items-md-stretch align-items-stretch gutters-col-lg-2 gutters-col-md-2 gutters-col-0 gutters-col-v-lg-2 gutters-col-v-md-2 gutters-col-v-2\">\n          <!---->\n          <div class=\"h-column h-column-container d-flex h-col-lg-auto h-col-md-auto h-col-auto style-1620-outer style-local-18-c4-outer\">\n            <div data-colibri-id=\"18-c4\" class=\"d-flex h-flex-basis h-column__inner h-px-lg-2 h-px-md-2 h-px-2 v-inner-lg-2 v-inner-md-2 v-inner-2 style-1620 style-local-18-c4 position-relative\">\n              <!---->\n              <!---->\n              <div class=\"w-100 h-y-container h-column__content h-column__v-align flex-basis-100 align-self-lg-start align-self-md-start align-self-start\">\n                <!---->\n                <div data-colibri-id=\"18-c5\" class=\"h-text h-text-component style-1621 style-local-18-c5 position-relative h-element\">\n                  <!---->\n                  <!---->\n                  <div class=\"\">\n                    <p><strong>Acceptance of donations<\/strong><\/p>\n                    <p>The DIA Social Organization will accept individual and institutional financial donations from individuals and legal entities that wish to contribute to the objectives and programs of the organization.<\/p>\n                    <p>\n                      <br>\n                    <\/p>\n                    <p><strong>Use of donations<\/strong><\/p>\n                    <p>All financial donations received by the Organization will be used exclusively for the development and fulfillment of its social programs and projects in Peru. The Organization is committed to manage the funds in an efficient and responsible manner, ensuring that they are used 100% for the established areas and activities. The administrative expenses of the organization are financed by a private entity.<\/p>\n                    <p>\n                      <br>\n                    <\/p>\n                    <p><strong>Types of donations accepted<\/strong><\/p>\n                    <p>The Organization will accept financial donations made through bank transfers, cash deposits or other previously agreed means.<\/p>\n                    <p>\n                      <br>\n                    <\/p>\n                    <p><strong>Privacy and confidentiality<\/strong><\/p>\n                    <p>The Organization is committed to protecting the privacy of donors and to using their personal information only for purposes related to the receipt of donations. The information provided by donors will not be shared with third parties. Through our website, we will send you periodic emails with information about our activities and campaigns in support of adolescents in difficult situations in Peru. We want to make sure you receive content that is relevant and beneficial to you. You will only need to provide us with the email address to which you would like us to send you our messages.<\/p>\n                    <p>Don't worry, we respect your privacy. If at any time you wish to stop receiving our emails, you can easily unsubscribe.<\/p>\n                  <\/div>\n                <\/div>\n              <\/div>\n            <\/div>\n          <\/div>\n        <\/div>\n      <\/div>\n    <\/div>\n  <\/div>\n<\/div>","protected":false},"excerpt":{"rendered":"<p>Aceptaci\u00f3n de donaciones La Organizaci\u00f3n Social DIA aceptar\u00e1 donaciones econ\u00f3micas individuales e institucionales de personas f\u00edsicas y jur\u00eddicas que deseen contribuir a los objetivos y programas de la organizaci\u00f3n. Uso de las donaciones Todas las donaciones econ\u00f3micas recibidas por la Organizaci\u00f3n se utilizar\u00e1n exclusivamente para el desarrollo y el cumplimiento de sus programas y proyectos [&hellip;]<\/p>\n","protected":false},"author":1,"featured_media":0,"parent":0,"menu_order":0,"comment_status":"closed","ping_status":"closed","template":"page-templates\/full-width-page.php","meta":{"footnotes":""},"class_list":["post-18","page","type-page","status-publish","hentry"],"_links":{"self":[{"href":"https:\/\/dia.pe\/en\/wp-json\/wp\/v2\/pages\/18","targetHints":{"allow":["GET"]}}],"collection":[{"href":"https:\/\/dia.pe\/en\/wp-json\/wp\/v2\/pages"}],"about":[{"href":"https:\/\/dia.pe\/en\/wp-json\/wp\/v2\/types\/page"}],"author":[{"embeddable":true,"href":"https:\/\/dia.pe\/en\/wp-json\/wp\/v2\/users\/1"}],"replies":[{"embeddable":true,"href":"https:\/\/dia.pe\/en\/wp-json\/wp\/v2\/comments?post=18"}],"version-history":[{"count":5,"href":"https:\/\/dia.pe\/en\/wp-json\/wp\/v2\/pages\/18\/revisions"}],"predecessor-version":[{"id":4374,"href":"https:\/\/dia.pe\/en\/wp-json\/wp\/v2\/pages\/18\/revisions\/4374"}],"wp:attachment":[{"href":"https:\/\/dia.pe\/en\/wp-json\/wp\/v2\/media?parent=18"}],"curies":[{"name":"wp","href":"https:\/\/api.w.org\/{rel}","templated":true}]}}