{"id":170,"date":"2018-12-29T14:14:05","date_gmt":"2018-12-29T14:14:05","guid":{"rendered":"https:\/\/dia.pe\/?page_id=170"},"modified":"2023-03-30T17:14:18","modified_gmt":"2023-03-30T22:14:18","slug":"nosotros","status":"publish","type":"page","link":"https:\/\/dia.pe\/en\/nosotros\/","title":{"rendered":"ABOUT US"},"content":{"rendered":"<div data-colibri-id=\"170-c1\" class=\"style-476 style-local-170-c1 position-relative\">\n  <!---->\n  <div data-colibri-component=\"section\" data-colibri-id=\"170-c2\" id=\"custom\" class=\"h-section h-section-global-spacing d-flex align-items-lg-center align-items-md-center align-items-center style-481 style-local-170-c2 position-relative\">\n    <!---->\n    <!---->\n    <div class=\"h-section-grid-container h-section-boxed-container\">\n      <!---->\n      <div data-colibri-id=\"170-c3\" class=\"h-row-container gutters-row-lg-2 gutters-row-md-2 gutters-row-0 gutters-row-v-lg-2 gutters-row-v-md-2 gutters-row-v-2 style-668 style-local-170-c3 position-relative\">\n        <!---->\n        <div class=\"h-row justify-content-lg-center justify-content-md-center justify-content-center align-items-lg-stretch align-items-md-stretch align-items-stretch gutters-col-lg-2 gutters-col-md-2 gutters-col-0 gutters-col-v-lg-2 gutters-col-v-md-2 gutters-col-v-2\">\n          <!---->\n          <div class=\"h-column h-column-container d-flex h-col-lg-auto h-col-md-auto h-col-auto style-669-outer style-local-170-c4-outer\">\n            <div data-colibri-id=\"170-c4\" class=\"d-flex h-flex-basis h-column__inner h-px-lg-2 h-px-md-2 h-px-2 v-inner-lg-2 v-inner-md-2 v-inner-2 style-669 style-local-170-c4 position-relative\">\n              <!---->\n              <!---->\n              <div class=\"w-100 h-y-container h-column__content h-column__v-align flex-basis-100 align-self-lg-start align-self-md-start align-self-start\">\n                <!---->\n                <div data-colibri-id=\"170-c5\" class=\"h-text h-text-component style-670 style-local-170-c5 position-relative h-element\">\n                  <!---->\n                  <!---->\n                  <div class=\"\">\n                    <h2><span style=\"font-weight: 400;\">Our Work<\/span><\/h2>\n                  <\/div>\n                <\/div>\n              <\/div>\n            <\/div>\n          <\/div>\n        <\/div>\n      <\/div>\n      <div data-colibri-id=\"170-c6\" class=\"h-row-container gutters-row-lg-2 gutters-row-md-2 gutters-row-0 gutters-row-v-lg-2 gutters-row-v-md-2 gutters-row-v-2 style-482 style-local-170-c6 position-relative\">\n        <!---->\n        <div class=\"h-row justify-content-lg-center justify-content-md-center justify-content-center align-items-lg-stretch align-items-md-stretch align-items-stretch gutters-col-lg-2 gutters-col-md-2 gutters-col-0 gutters-col-v-lg-2 gutters-col-v-md-2 gutters-col-v-2\">\n          <!---->\n          <div class=\"h-column h-column-container d-flex h-col-lg-auto h-col-md-auto h-col-auto style-483-outer style-local-170-c7-outer\">\n            <div data-colibri-id=\"170-c7\" class=\"d-flex h-flex-basis h-column__inner h-px-lg-2 h-px-md-2 h-px-2 v-inner-lg-2 v-inner-md-2 v-inner-2 style-483 style-local-170-c7 position-relative\">\n              <!---->\n              <!---->\n              <div class=\"w-100 h-y-container h-column__content h-column__v-align flex-basis-100 align-self-lg-start align-self-md-start align-self-start\">\n                <!---->\n                <div data-colibri-id=\"170-c8\" class=\"h-text h-text-component style-484 style-local-170-c8 position-relative h-element\">\n                  <!---->\n                  <!---->\n                  <div class=\"\">\n                    <p>Thousands of adolescents in Peru truncate their futures, by their own decisions or by the context in which they live: early pregnancies and violence; thus limiting their possibilities of access to education and later in their work and life.<strong>WE WORK TO EMPOWER VULNERABLE ADOLESCENTS IN AYACUCHO, PERU, TO BECOME AGENTS OF CHANGE IN THEIR OWN DEVELOPMENT. <\/strong><\/p>\n                    <p><strong>We believe that everyone in the world has the right and the same opportunities for development.<\/strong><\/p>\n                  <\/div>\n                <\/div>\n              <\/div>\n            <\/div>\n          <\/div>\n        <\/div>\n      <\/div>\n    <\/div>\n  <\/div>\n  <div data-colibri-component=\"section\" data-colibri-id=\"170-c13\" id=\"custom-2\" class=\"h-section h-section-global-spacing d-flex align-items-lg-center align-items-md-center align-items-center style-671 style-local-170-c13 position-relative\">\n    <!---->\n    <!---->\n    <div class=\"h-section-grid-container h-section-boxed-container\">\n      <!---->\n      <div data-colibri-id=\"170-c14\" class=\"h-row-container gutters-row-lg-2 gutters-row-md-2 gutters-row-0 gutters-row-v-lg-2 gutters-row-v-md-2 gutters-row-v-2 style-672 style-local-170-c14 position-relative\">\n        <!---->\n        <div class=\"h-row justify-content-lg-center justify-content-md-center justify-content-center align-items-lg-stretch align-items-md-stretch align-items-stretch gutters-col-lg-2 gutters-col-md-2 gutters-col-0 gutters-col-v-lg-2 gutters-col-v-md-2 gutters-col-v-2\">\n          <!---->\n          <div class=\"h-column h-column-container d-flex h-col-lg-3 h-col-md-3 h-col-12 style-673-outer style-local-170-c15-outer\">\n            <div data-colibri-id=\"170-c15\" class=\"d-flex h-flex-basis h-column__inner h-px-lg-2 h-px-md-2 h-px-2 v-inner-lg-2 v-inner-md-2 v-inner-2 style-673 style-local-170-c15 position-relative\">\n              <!---->\n              <!---->\n              <div class=\"w-100 h-y-container h-column__content h-column__v-align flex-basis-100 align-self-lg-start align-self-md-start align-self-start\">\n                <!---->\n                <div data-colibri-id=\"170-c16\" class=\"d-block style-681 style-local-170-c16 position-relative h-element\">\n                  <!---->\n                  <div class=\"h-image__frame-container-outer\">\n                    <div class=\"h-image__frame-container\">\n                      <!---->\n                      <!---->\n                      <img loading=\"lazy\" decoding=\"async\" width=\"1264\" height=\"1266\" src=\"https:\/\/dia.pe\/wp-content\/uploads\/2023\/02\/cropped-MISION-1.jpg\" class=\"wp-image-3453 style-681-image style-local-170-c16-image\" alt=\"\" srcset=\"https:\/\/dia.pe\/wp-content\/uploads\/2023\/02\/cropped-MISION-1.jpg 1264w, https:\/\/dia.pe\/wp-content\/uploads\/2023\/02\/cropped-MISION-1-300x300.jpg 300w, https:\/\/dia.pe\/wp-content\/uploads\/2023\/02\/cropped-MISION-1-1022x1024.jpg 1022w, https:\/\/dia.pe\/wp-content\/uploads\/2023\/02\/cropped-MISION-1-150x150.jpg 150w, https:\/\/dia.pe\/wp-content\/uploads\/2023\/02\/cropped-MISION-1-768x769.jpg 768w\" sizes=\"auto, (max-width: 1264px) 100vw, 1264px\" \/>\n                      <div class=\"h-image__frame h-hide-lg h-hide-md h-hide-sm style-681-frameImage style-local-170-c16-frameImage\"><\/div>\n                    <\/div>\n                  <\/div>\n                <\/div>\n              <\/div>\n            <\/div>\n          <\/div>\n          <div class=\"h-column h-column-container d-flex h-col-lg-3 h-col-md-3 h-col-12 style-674-outer style-local-170-c17-outer\">\n            <div data-colibri-id=\"170-c17\" class=\"d-flex h-flex-basis h-column__inner h-px-lg-2 h-px-md-2 h-px-2 v-inner-lg-2 v-inner-md-2 v-inner-2 style-674 style-local-170-c17 position-relative\">\n              <!---->\n              <!---->\n              <div class=\"w-100 h-y-container h-column__content h-column__v-align flex-basis-100 align-self-lg-start align-self-md-start align-self-start\">\n                <!---->\n                <div data-colibri-id=\"170-c18\" class=\"h-text h-text-component style-684 style-local-170-c18 position-relative h-element\">\n                  <!---->\n                  <!---->\n                  <div class=\"\">\n                    <h4><strong style=\"font-weight: 900;\">Mission:<\/strong><\/h4>\n                    <p>We promote the integral development of adolescents, so that through their own abilities and the exercise of their rights, they can improve their living conditions.<\/p>\n                  <\/div>\n                <\/div>\n              <\/div>\n            <\/div>\n          <\/div>\n          <div class=\"h-column h-column-container d-flex h-col-lg-3 h-col-md-3 h-col-12 style-675-outer style-local-170-c19-outer\">\n            <div data-colibri-id=\"170-c19\" class=\"d-flex h-flex-basis h-column__inner h-px-lg-2 h-px-md-2 h-px-2 v-inner-lg-2 v-inner-md-2 v-inner-2 style-675 style-local-170-c19 position-relative\">\n              <!---->\n              <!---->\n              <div class=\"w-100 h-y-container h-column__content h-column__v-align flex-basis-100 align-self-lg-start align-self-md-start align-self-start\">\n                <!---->\n                <div data-colibri-id=\"170-c20\" class=\"d-block style-685 style-local-170-c20 position-relative h-element\">\n                  <!---->\n                  <div class=\"h-image__frame-container-outer\">\n                    <div class=\"h-image__frame-container\">\n                      <!---->\n                      <!---->\n                      <img loading=\"lazy\" decoding=\"async\" width=\"1264\" height=\"1266\" src=\"https:\/\/dia.pe\/wp-content\/uploads\/2023\/02\/cropped-VISION.jpg\" class=\"wp-image-3452 style-685-image style-local-170-c20-image\" alt=\"\" srcset=\"https:\/\/dia.pe\/wp-content\/uploads\/2023\/02\/cropped-VISION.jpg 1264w, https:\/\/dia.pe\/wp-content\/uploads\/2023\/02\/cropped-VISION-300x300.jpg 300w, https:\/\/dia.pe\/wp-content\/uploads\/2023\/02\/cropped-VISION-1022x1024.jpg 1022w, https:\/\/dia.pe\/wp-content\/uploads\/2023\/02\/cropped-VISION-150x150.jpg 150w, https:\/\/dia.pe\/wp-content\/uploads\/2023\/02\/cropped-VISION-768x769.jpg 768w\" sizes=\"auto, (max-width: 1264px) 100vw, 1264px\" \/>\n                      <div class=\"h-image__frame h-hide-lg h-hide-md h-hide-sm style-685-frameImage style-local-170-c20-frameImage\"><\/div>\n                    <\/div>\n                  <\/div>\n                <\/div>\n              <\/div>\n            <\/div>\n          <\/div>\n          <div class=\"h-column h-column-container d-flex h-col-lg-3 h-col-md-3 h-col-12 style-676-outer style-local-170-c21-outer\">\n            <div data-colibri-id=\"170-c21\" class=\"d-flex h-flex-basis h-column__inner h-px-lg-2 h-px-md-2 h-px-2 v-inner-lg-2 v-inner-md-2 v-inner-2 style-676 style-local-170-c21 position-relative\">\n              <!---->\n              <!---->\n              <div class=\"w-100 h-y-container h-column__content h-column__v-align flex-basis-100 align-self-lg-start align-self-md-start align-self-start\">\n                <!---->\n                <div data-colibri-id=\"170-c22\" class=\"h-text h-text-component style-686 style-local-170-c22 position-relative h-element\">\n                  <!---->\n                  <!---->\n                  <div class=\"\">\n                    <h4><strong style=\"font-weight: 900;\">Vision:<\/strong><\/h4>\n                    <p>Eradicate all types of violence and teenage pregnancy.<\/p>\n                  <\/div>\n                <\/div>\n              <\/div>\n            <\/div>\n          <\/div>\n        <\/div>\n      <\/div>\n    <\/div>\n  <\/div>\n  <div data-colibri-component=\"section\" data-colibri-id=\"170-c23\" id=\"about-2\" class=\"h-section h-section-global-spacing colibri-featured-img-bg d-flex align-items-lg-center align-items-md-center align-items-end style-775 style-local-170-c23 h-overflow-hidden position-relative\">\n    <div class=\"background-wrapper\">\n      <div class=\"background-layer background-layer-media-container-lg\">\n        <!---->\n        <div class=\"overlay-layer\">\n          <div class=\"overlay-image-layer\" style=\"background-color: rgb(166, 220, 244); opacity: 0.14;\"><\/div>\n        <\/div>\n      <\/div>\n      <div class=\"background-layer background-layer-media-container-md\">\n        <!---->\n        <div class=\"overlay-layer\">\n          <div class=\"overlay-image-layer\" style=\"background-color: rgb(166, 220, 244); opacity: 0.14;\"><\/div>\n        <\/div>\n      <\/div>\n      <div class=\"background-layer background-layer-media-container\">\n        <!---->\n        <div class=\"overlay-layer\">\n          <div class=\"overlay-image-layer\" style=\"background-color: rgb(166, 220, 244); opacity: 0.14;\"><\/div>\n        <\/div>\n      <\/div>\n    <\/div>\n    <!---->\n    <div class=\"h-section-grid-container h-section-boxed-container\">\n      <!---->\n      <div data-colibri-id=\"170-c24\" class=\"h-row-container gutters-row-lg-0 gutters-row-md-0 gutters-row-2 gutters-row-v-lg-0 gutters-row-v-md-0 gutters-row-v-0 style-776 style-local-170-c24 position-relative\">\n        <!---->\n        <div class=\"h-row justify-content-lg-end justify-content-md-end justify-content-center align-items-lg-stretch align-items-md-stretch align-items-stretch gutters-col-lg-0 gutters-col-md-0 gutters-col-2 gutters-col-v-lg-0 gutters-col-v-md-0 gutters-col-v-0\">\n          <!---->\n          <div class=\"h-column h-column-container d-flex h-col-lg-auto h-col-md-auto h-col-auto style-777-outer style-local-170-c25-outer\">\n            <div data-colibri-id=\"170-c25\" class=\"d-flex h-flex-basis h-column__inner h-px-lg-2 h-px-md-2 h-px-0 v-inner-lg-2 v-inner-md-2 v-inner-0 style-777 style-local-170-c25 position-relative\">\n              <!---->\n              <!---->\n              <div class=\"w-100 h-y-container h-column__content h-column__v-align flex-basis-100 align-self-lg-start align-self-md-start align-self-start\">\n                <!---->\n                <div data-colibri-id=\"170-c26\" class=\"h-global-transition-all h-heading style-778 style-local-170-c26 position-relative h-element\">\n                  <!---->\n                  <div class=\"h-heading__outer style-778 style-local-170-c26\">\n                    <!---->\n                    <!---->\n                    <h2 class=\"\">How we work<\/h2>\n                  <\/div>\n                <\/div>\n                <div data-colibri-id=\"170-c27\" class=\"h-text h-text-component style-779 style-local-170-c27 position-relative h-element\">\n                  <!---->\n                  <!---->\n                  <div class=\"\">\n                    <p>\n                      <br>\n                    <\/p>\n                    <p>Through 03 projects we strengthen the capacities of adolescents in vulnerable situations in the province of Huamanga, Ayacucho Peru: Adolescent mothers, adolescent victims of sexual and\/or family violence and students.&nbsp;<\/p>\n                    <p>For the development of the work, we have professionals from different specialties, with experience in dealing with adolescent audiences.<\/p>\n                    <p>The work is done on a group and individualized basis, through workshops and sessions that address issues inherent to adolescence and that need to be strengthened: life project, sexuality, violence prevention, emotional health, parenting, among others.<\/p>\n                    <p>We work to ensure that adolescents achieve their goals and have a good future, based on their own strengths, being the actors of their own development.<\/p>\n                    <p>\n                      <br>\n                    <\/p>\n                  <\/div>\n                <\/div>\n              <\/div>\n            <\/div>\n          <\/div>\n        <\/div>\n      <\/div>\n    <\/div>\n  <\/div>\n  <div data-colibri-component=\"section\" data-colibri-id=\"170-c28\" id=\"portfolio-2\" class=\"h-section h-section-global-spacing d-flex align-items-lg-center align-items-md-center align-items-center style-794 style-local-170-c28 position-relative\">\n    <!---->\n    <!---->\n    <div class=\"h-section-grid-container h-section-boxed-container\">\n      <div data-colibri-id=\"170-c33\" class=\"h-row-container gutters-row-lg-2 gutters-row-md-2 gutters-row-2 gutters-row-v-lg-2 gutters-row-v-md-2 gutters-row-v-2 style-801 style-local-170-c33 position-relative\">\n        <!---->\n        <div class=\"h-row justify-content-lg-center justify-content-md-center justify-content-center align-items-lg-stretch align-items-md-stretch align-items-stretch gutters-col-lg-2 gutters-col-md-2 gutters-col-2 gutters-col-v-lg-2 gutters-col-v-md-2 gutters-col-v-2\">\n          <!---->\n          <div class=\"h-column h-column-container d-flex h-col-lg-auto h-col-md-auto h-col-auto style-802-outer style-local-170-c34-outer\">\n            <div data-colibri-id=\"170-c34\" class=\"d-flex h-flex-basis h-column__inner h-px-lg-2 h-px-md-2 h-px-2 v-inner-lg-2 v-inner-md-2 v-inner-2 style-802 style-local-170-c34 position-relative\">\n              <!---->\n              <!---->\n              <div class=\"w-100 h-y-container h-column__content h-column__v-align flex-basis-100 align-self-lg-start align-self-md-start align-self-start\">\n                <!---->\n                <div data-colibri-id=\"170-c35\" class=\"h-global-transition-all h-heading style-803 style-local-170-c35 position-relative h-element\">\n                  <!---->\n                  <div class=\"h-heading__outer style-803 style-local-170-c35\">\n                    <!---->\n                    <!---->\n                    <h2 class=\"\">Learn about our work in 2021<\/h2>\n                  <\/div>\n                <\/div>\n                <div data-colibri-id=\"170-c36\" class=\"h-lead h-text h-text-component style-804 style-local-170-c36 position-relative h-element\">\n                  <!---->\n                  <!---->\n                  <div class=\"\">\n                    <p><span style=\"font-weight: 300; font-size: 20px; font-family: Lato; color: rgb(102, 102, 102);\">We invite you to review the work we did in 2021. Our work is transparent and you will be able to find out what we have achieved through our activities with teenage mothers, teenage victims of sexual and\/or family violence and students.<\/span><\/p>\n                  <\/div>\n                <\/div>\n              <\/div>\n            <\/div>\n          <\/div>\n        <\/div>\n      <\/div>\n      <div data-colibri-id=\"170-c29\" class=\"h-row-container gutters-row-lg-2 gutters-row-md-2 gutters-row-2 gutters-row-v-lg-2 gutters-row-v-md-2 gutters-row-v-2 style-795 style-local-170-c29 position-relative\">\n        <!---->\n        <div class=\"h-row justify-content-lg-center justify-content-md-center justify-content-center align-items-lg-stretch align-items-md-stretch align-items-stretch gutters-col-lg-2 gutters-col-md-2 gutters-col-2 gutters-col-v-lg-2 gutters-col-v-md-2 gutters-col-v-2\">\n          <!---->\n          <div class=\"h-column h-column-container d-flex h-col-lg-12 h-col-md-6 h-col-12 style-796-outer style-local-170-c30-outer\">\n            <div data-colibri-id=\"170-c30\" class=\"d-flex h-flex-basis h-column__inner h-px-lg-2 h-px-md-2 h-px-2 v-inner-lg-2 v-inner-md-2 v-inner-2 style-796 style-local-170-c30 position-relative\">\n              <!---->\n              <!---->\n              <div class=\"w-100 h-y-container h-column__content h-column__v-align flex-basis-100 align-self-lg-center align-self-md-center align-self-center\">\n                <!---->\n                <div data-colibri-id=\"170-c31\" class=\"h-x-container style-797 style-local-170-c31 position-relative h-element\">\n                  <!---->\n                  <div class=\"h-x-container-inner style-dynamic-170-c31-group style-797-spacing style-local-170-c31-spacing\"><span class=\"h-button__outer style-798-outer style-local-170-c32-outer d-inline-flex h-element\"><a h-use-smooth-scroll=\"true\" href=\"https:\/\/dia.pe\/wp-content\/uploads\/2022\/12\/P-DIA-2021-Informe-Anual.pdf\" target=\"_blank\" data-colibri-id=\"170-c32\" class=\"d-flex w-100 align-items-center h-button justify-content-lg-center justify-content-md-center justify-content-center style-798 style-local-170-c32 position-relative\" rel=\"noopener\"><!----><!----> <span>Read 2021 report<\/span><\/a>\n                    <\/span>\n                  <\/div>\n                <\/div>\n              <\/div>\n            <\/div>\n          <\/div>\n        <\/div>\n      <\/div>\n    <\/div>\n  <\/div>\n  <div data-colibri-component=\"section\" data-colibri-id=\"170-c37\" id=\"features\" class=\"h-section h-section-global-spacing d-flex align-items-lg-center align-items-md-center align-items-center style-1224 style-local-170-c37 position-relative\">\n    <!---->\n    <!---->\n    <div class=\"h-section-grid-container h-section-boxed-container\">\n      <div data-colibri-id=\"170-c40\" class=\"h-row-container gutters-row-lg-2 gutters-row-md-2 gutters-row-2 gutters-row-v-lg-2 gutters-row-v-md-2 gutters-row-v-2 style-1232 style-local-170-c40 position-relative\">\n        <!---->\n        <div class=\"h-row justify-content-lg-center justify-content-md-center justify-content-center align-items-lg-stretch align-items-md-stretch align-items-stretch gutters-col-lg-2 gutters-col-md-2 gutters-col-2 gutters-col-v-lg-2 gutters-col-v-md-2 gutters-col-v-2\">\n          <!---->\n          <div class=\"h-column h-column-container d-flex h-col-lg-auto h-col-md-auto h-col-auto style-1233-outer style-local-170-c41-outer\">\n            <div data-colibri-id=\"170-c41\" class=\"d-flex h-flex-basis h-column__inner h-px-lg-2 h-px-md-2 h-px-2 v-inner-lg-2 v-inner-md-2 v-inner-2 style-1233 style-local-170-c41 position-relative\">\n              <!---->\n              <!---->\n              <div class=\"w-100 h-y-container h-column__content h-column__v-align flex-basis-100 align-self-lg-start align-self-md-start align-self-start\">\n                <!---->\n                <div data-colibri-id=\"170-c42\" class=\"h-global-transition-all h-heading style-1234 style-local-170-c42 position-relative h-element\">\n                  <!---->\n                  <div class=\"h-heading__outer style-1234 style-local-170-c42\">\n                    <!---->\n                    <!---->\n                    <h2 class=\"\">Our team<\/h2>\n                  <\/div>\n                <\/div>\n                <div data-colibri-id=\"170-c43\" class=\"h-lead h-text h-text-component style-1235 style-local-170-c43 position-relative h-element\">\n                  <!---->\n                  <!---->\n                  <div class=\"\">\n                    <p><span style=\"font-weight: 300; font-size: 20px; font-family: Lato; color: rgb(102, 102, 102);\">The human team of the DIA social organization is made up of professionals from different specialties; nurses, social workers, obstetricians and psychologists.<\/span><\/p>\n                  <\/div>\n                <\/div>\n              <\/div>\n            <\/div>\n          <\/div>\n        <\/div>\n      <\/div>\n      <div data-colibri-id=\"170-c38\" class=\"h-row-container gutters-row-lg-2 gutters-row-md-2 gutters-row-2 gutters-row-v-lg-2 gutters-row-v-md-2 gutters-row-v-2 style-1225 style-local-170-c38 position-relative\">\n        <!---->\n        <div class=\"h-row justify-content-lg-center justify-content-md-center justify-content-center align-items-lg-stretch align-items-md-stretch align-items-stretch gutters-col-lg-2 gutters-col-md-2 gutters-col-2 gutters-col-v-lg-2 gutters-col-v-md-2 gutters-col-v-2\">\n          <!---->\n          <div class=\"h-column h-column-container d-flex h-col-lg-auto h-col-md-auto h-col-auto style-1226-outer style-local-170-c39-outer\">\n            <div data-colibri-id=\"170-c39\" class=\"d-flex h-flex-basis h-column__inner h-ui-empty-state-container h-px-lg-0 h-px-md-0 h-px-0 v-inner-lg-0 v-inner-md-0 v-inner-0 style-1226 style-local-170-c39 position-relative\">\n              <!---->\n              <!---->\n              <div class=\"w-100 h-y-container h-column__content h-column__v-align flex-basis-100\">\n                <!---->\n              <\/div>\n            <\/div>\n          <\/div>\n        <\/div>\n      <\/div>\n    <\/div>\n  <\/div>\n<\/div>","protected":false},"excerpt":{"rendered":"<p>Nuestro Trabajo Miles de adolescentes en el Per\u00fa truncan sus futuros, por decisiones de ellos mismos o por el contexto que los toc\u00f3 vivir: embarazos a temprana edad y la violencia; limitando as\u00ed sus posibilidades de acceso a la educaci\u00f3n y m\u00e1s adelante en su trabajo y su vida. POR ELLO, TRABAJAMOS EMPODERANDO A ADOLESCENTES [&hellip;]<\/p>\n","protected":false},"author":1,"featured_media":0,"parent":0,"menu_order":0,"comment_status":"closed","ping_status":"closed","template":"page-templates\/full-width-page.php","meta":{"footnotes":""},"class_list":["post-170","page","type-page","status-publish","hentry"],"_links":{"self":[{"href":"https:\/\/dia.pe\/en\/wp-json\/wp\/v2\/pages\/170","targetHints":{"allow":["GET"]}}],"collection":[{"href":"https:\/\/dia.pe\/en\/wp-json\/wp\/v2\/pages"}],"about":[{"href":"https:\/\/dia.pe\/en\/wp-json\/wp\/v2\/types\/page"}],"author":[{"embeddable":true,"href":"https:\/\/dia.pe\/en\/wp-json\/wp\/v2\/users\/1"}],"replies":[{"embeddable":true,"href":"https:\/\/dia.pe\/en\/wp-json\/wp\/v2\/comments?post=170"}],"version-history":[{"count":20,"href":"https:\/\/dia.pe\/en\/wp-json\/wp\/v2\/pages\/170\/revisions"}],"predecessor-version":[{"id":4171,"href":"https:\/\/dia.pe\/en\/wp-json\/wp\/v2\/pages\/170\/revisions\/4171"}],"wp:attachment":[{"href":"https:\/\/dia.pe\/en\/wp-json\/wp\/v2\/media?parent=170"}],"curies":[{"name":"wp","href":"https:\/\/api.w.org\/{rel}","templated":true}]}}